{"id":5363,"date":"2018-12-14T18:48:22","date_gmt":"2018-12-14T17:48:22","guid":{"rendered":"https:\/\/www.deutsches-spionagemuseum.de\/?page_id=5363"},"modified":"2018-12-14T18:48:45","modified_gmt":"2018-12-14T17:48:45","slug":"terms","status":"publish","type":"page","link":"https:\/\/www.deutsches-spionagemuseum.de\/en\/terms","title":{"rendered":"Terms"},"content":{"rendered":"<p><strong>Allgemeine Gesch\u00e4ftsbedingungen <\/strong><\/p>\n<p><strong>\u00a7 1 Geltungsbereich<\/strong><\/p>\n<p>Diese Allgemeinen Gesch\u00e4ftsbedingungen (\u201eAGB\u201c) gelten f\u00fcr s\u00e4mtliche Gesch\u00e4ftsbedingungen zwischen der Deutsches Spionage Museum DSM GmbH, Leipziger Platz 9, 10117 Berlin, vertreten durch den Gesch\u00e4ftsf\u00fchrer Robert R\u00fcckel (im Folgenden DSM) und Ihnen, soweit Sie Tickets \u00fcber das Internet oder telefonisch bestellen.<\/p>\n<p><strong>\u00a7 2 Tickets <\/strong><\/p>\n<p>DSM verkauft Ihnen Tickets, die Sie zum Besuch von Ausstellungen von DSM berechtigen.<\/p>\n<p>Nach erfolgreicher Zahlung erhalten Sie Ihr Ticket als PDF per E-Mail und m\u00fcssen dieses ausdrucken. Ein Postversand findet nicht statt. Sie haben selbst daf\u00fcr zu sorgen, dass Sie E-Mails erhalten k\u00f6nnen. Bitte gehen Sie mit Ihren Tickets mit der gebotenen Sorgfalt um. DSM \u00fcbernimmt keine Haftung f\u00fcr Verlust, Diebstahl oder Missbrauch.<\/p>\n<p>Mit dem ausgedruckten Online-Ticket k\u00f6nnen Sie durch Scannen des auf dem Ticket aufgedruckten Barcodes an der Schleuse am Eingang der Ausstellung direkt dieselbe betreten. Der Barcode wird hierbei elektronisch entwertet.<\/p>\n<p>Das Ticket ist f\u00fcr den einmaligen Besuch g\u00fcltig und verf\u00e4llt nach dem Verlassen der Ausstellung.<\/p>\n<p>Erm\u00e4\u00dfigte und kostenfreie Tickets gelten nur bei Vorlage des entsprechenden Nachweises. Andernfalls verf\u00e4llt das Ticket. Eine Kontrolle des Nachweises kann w\u00e4hrend des gesamten Besuches erfolgen.<\/p>\n<p>Das Ticket muss w\u00e4hrend der gesamten Dauer des Besuchs aufbewahrt und auf Verlangen jederzeit vorgezeigt werden. Besucher, die \u00fcber kein Ticket verf\u00fcgen, k\u00f6nnen zum Verlassen der Ausstellung aufgefordert werden.<\/p>\n<p>Ein Weiterverkauf von Tickets an Dritte ist nur mit ausdr\u00fccklicher Genehmigung von DSM zul\u00e4ssig.<\/p>\n<p><strong>\u00a7 3 Zustandekommen des Vertrages<\/strong><\/p>\n<p>Sie unterbreiten mit dem Anklicken des Feldes \u201eZahlungspflichtig bestellen und Zahlvorgang\u201c ein Angebot zum Erwerb der gew\u00e4hlten Waren oder Dienstleistungen.<\/p>\n<p>DSM best\u00e4tigt Ticketbuchungen per E-Mail. Erst mit der Bestellbest\u00e4tigung kommt ein DSM verbindlicher Vertrag zustande. Das Ticket erhalten Sie mit der Best\u00e4tigung als Online-Ticket im PDF-Format. Ein postalischer Versand von Tickets ist nicht m\u00f6glich.<\/p>\n<p><strong>\u00a7 4 Zahlung<\/strong><\/p>\n<p>Die angegebenen Preise enthalten die jeweils g\u00fcltige gesetzliche Umsatzsteuer.<\/p>\n<p>Die Zahlung erfolgt als Vorauszahlung durch den Kunden nach Vertragsabschluss per \u201ePayPal\u201c oder Kreditkarte.<\/p>\n<p>Nach Anklicken des Buttons \u201eZahlungspflichtig bestellen\u201c wird der Kunde entweder dazu aufgefordert seine Kreditkartendaten anzugeben, um die Zahlung gesichert durchzuf\u00fchren oder auf die Seite des Anbieters &#8220;Paypal&#8221; zur Zahlung gef\u00fchrt.<\/p>\n<p><strong>\u00a7 5 Widerruf, R\u00fccktritt <\/strong><\/p>\n<p>Die Regelungen \u00fcber Fernabsatzvertr\u00e4ge finden nach \u00a7 312b Abs. 3 Nr. 6 BGB keine Anwendung auf Vertr\u00e4ge \u00fcber die Erbringung von Dienstleistungen in den Bereichen der Freizeitgestaltung. Beim Kauf von Online-Tickets besteht daher kein Widerrufsrecht.<\/p>\n<p>Online-Tickets k\u00f6nnen weder erstattet noch umgetauscht werden. Eine Stornierung von Online-Tickets ist nicht m\u00f6glich. Bei Nicht-Inanspruchnahme verf\u00e4llt das Ticket.<\/p>\n<p>DSM beh\u00e4lt sich das Recht vor, das Museum jederzeit und ohne Ank\u00fcndigung zu schlie\u00dfen. In diesen F\u00e4llen wird dem Kunden der Ticketpreis erstattet. Dar\u00fcber hinausgehende Anspr\u00fcche sind ausdr\u00fccklich ausgeschlossen.<\/p>\n<p><strong>\u00a7 6 Haftung<\/strong><\/p>\n<p>Bei Leistungsm\u00e4ngeln stehen Ihnen die gesetzlichen Rechte zu. F\u00fcr Schadensersatzanspr\u00fcche gelten jedoch die besonderen Bestimmungen der nachfolgenden Abs\u00e4tze:<\/p>\n<p>DSM haftet, sofern DSM Vorsatz oder grobe Fahrl\u00e4ssigkeit zur Last f\u00e4llt. F\u00fcr einfache Fahrl\u00e4ssigkeit haftet DSM nur bei Verletzung einer Pflicht, deren Erf\u00fcllung die ordnungsgem\u00e4\u00dfe Durchf\u00fchrung des Vertrages \u00fcberhaupt erst erm\u00f6glicht und auf deren Einhaltung Sie als Kunde regelm\u00e4\u00dfig vertrauen d\u00fcrfen (sog. Kardinalpflicht). Im \u00dcbrigen ist eine Schadenersatzhaftung f\u00fcr Sch\u00e4den aller Art, gleich aufgrund welcher Anspruchsgrundlage, einschlie\u00dflich der Haftung f\u00fcr Verschulden bei Vertragsschluss, ausgeschlossen.<\/p>\n<p>Sofern DSM gem\u00e4\u00df des vorstehenden Absatzes f\u00fcr einfache Fahrl\u00e4ssigkeit haftet, ist die Haftung auf den Schaden begrenzt, mit dessen Entstehen DSM nach den bei Vertragsschluss bekannten Umst\u00e4nden typischerweise rechnen musste.<\/p>\n<p>Die vorstehenden Haftungsbeschr\u00e4nkungen gelten nicht f\u00fcr die Haftung von DSM wegen vors\u00e4tzlichen Verhaltens oder grober Fahrl\u00e4ssigkeit, f\u00fcr garantierte Beschaffenheitsmerkmale, wegen Verletzung des Lebens, des K\u00f6rpers oder der Gesundheit oder nach dem Produkthaftungsgesetz.<\/p>\n<p>Die vorstehenden Haftungsausschl\u00fcsse und -beschr\u00e4nkungen gelten auch zugunsten der Mitarbeiter, Erf\u00fcllungsgehilfen und sonstiger Dritter, deren sich DSM zur Vertragserf\u00fcllung bedient.<\/p>\n<p><strong>\u00a7 7 Schlussbestimmungen <\/strong><\/p>\n<p>Es gilt deutsches Recht unter Ausschluss des UN-Kaufrechts.<\/p>\n<p>Erf\u00fcllungsort ist Berlin. Als Gerichtsstand wird Berlin vereinbart, sofern es sich beim Kunden nicht um einen Verbraucher handelt.<\/p>\n<p>Sollten eine oder mehrere Bestimmungen dieser allgemeinen Gesch\u00e4ftsbedingungen ganz oder teilweise nicht rechtswirksam sein oder ihre Rechtswirksamkeit verlieren, so ber\u00fchrt dies die Wirksamkeit der \u00fcbrigen Bestimmungen nicht.<\/p>\n","protected":false},"excerpt":{"rendered":"<p>Allgemeine Gesch\u00e4ftsbedingungen \u00a7 1 Geltungsbereich Diese Allgemeinen Gesch\u00e4ftsbedingungen (\u201eAGB\u201c) gelten f\u00fcr s\u00e4mtliche Gesch\u00e4ftsbedingungen zwischen der Deutsches Spionage Museum DSM GmbH, Leipziger Platz 9, 10117 Berlin, vertreten durch den Gesch\u00e4ftsf\u00fchrer Robert R\u00fcckel (im Folgenden DSM) und Ihnen, soweit Sie Tickets \u00fcber das Internet oder telefonisch bestellen. \u00a7 2 Tickets DSM verkauft Ihnen Tickets, die Sie zum<\/p>\n<a class=\"moretag\" href=\"https:\/\/www.deutsches-spionagemuseum.de\/en\/terms\">[...]<\/a>","protected":false},"author":3,"featured_media":0,"parent":0,"menu_order":0,"comment_status":"closed","ping_status":"closed","template":"page-submenu-parent.php","meta":{"_acf_changed":false,"inline_featured_image":false,"_mbp_gutenberg_autopost":false,"footnotes":""},"class_list":["post-5363","page","type-page","status-publish","hentry"],"acf":[],"yoast_head":"<!-- This site is optimized with the Yoast SEO plugin v27.2 - https:\/\/yoast.com\/product\/yoast-seo-wordpress\/ -->\n<title>Terms - Deutsches Spionagemuseum<\/title>\n<meta name=\"robots\" content=\"index, follow, max-snippet:-1, max-image-preview:large, max-video-preview:-1\" \/>\n<link rel=\"canonical\" href=\"https:\/\/www.deutsches-spionagemuseum.de\/en\/terms\" \/>\n<meta property=\"og:locale\" content=\"en_US\" \/>\n<meta property=\"og:type\" content=\"article\" \/>\n<meta property=\"og:title\" content=\"Terms - Deutsches Spionagemuseum\" \/>\n<meta property=\"og:description\" content=\"Allgemeine Gesch\u00e4ftsbedingungen \u00a7 1 Geltungsbereich Diese Allgemeinen Gesch\u00e4ftsbedingungen (\u201eAGB\u201c) gelten f\u00fcr s\u00e4mtliche Gesch\u00e4ftsbedingungen zwischen der Deutsches Spionage Museum DSM GmbH, Leipziger Platz 9, 10117 Berlin, vertreten durch den Gesch\u00e4ftsf\u00fchrer Robert R\u00fcckel (im Folgenden DSM) und Ihnen, soweit Sie Tickets \u00fcber das Internet oder telefonisch bestellen. \u00a7 2 Tickets DSM verkauft Ihnen Tickets, die Sie zum\" \/>\n<meta property=\"og:url\" content=\"https:\/\/www.deutsches-spionagemuseum.de\/en\/terms\" \/>\n<meta property=\"og:site_name\" content=\"Deutsches Spionagemuseum\" \/>\n<meta property=\"article:modified_time\" content=\"2018-12-14T17:48:45+00:00\" \/>\n<meta name=\"twitter:card\" content=\"summary_large_image\" \/>\n<meta name=\"twitter:label1\" content=\"Est. reading time\" \/>\n\t<meta name=\"twitter:data1\" content=\"4 minutes\" \/>\n<!-- \/ Yoast SEO plugin. -->","yoast_head_json":{"title":"Terms - Deutsches Spionagemuseum","robots":{"index":"index","follow":"follow","max-snippet":"max-snippet:-1","max-image-preview":"max-image-preview:large","max-video-preview":"max-video-preview:-1"},"canonical":"https:\/\/www.deutsches-spionagemuseum.de\/en\/terms","og_locale":"en_US","og_type":"article","og_title":"Terms - Deutsches Spionagemuseum","og_description":"Allgemeine Gesch\u00e4ftsbedingungen \u00a7 1 Geltungsbereich Diese Allgemeinen Gesch\u00e4ftsbedingungen (\u201eAGB\u201c) gelten f\u00fcr s\u00e4mtliche Gesch\u00e4ftsbedingungen zwischen der Deutsches Spionage Museum DSM GmbH, Leipziger Platz 9, 10117 Berlin, vertreten durch den Gesch\u00e4ftsf\u00fchrer Robert R\u00fcckel (im Folgenden DSM) und Ihnen, soweit Sie Tickets \u00fcber das Internet oder telefonisch bestellen. \u00a7 2 Tickets DSM verkauft Ihnen Tickets, die Sie zum","og_url":"https:\/\/www.deutsches-spionagemuseum.de\/en\/terms","og_site_name":"Deutsches Spionagemuseum","article_modified_time":"2018-12-14T17:48:45+00:00","twitter_card":"summary_large_image","twitter_misc":{"Est. reading time":"4 minutes"},"schema":{"@context":"https:\/\/schema.org","@graph":[{"@type":"WebPage","@id":"https:\/\/www.deutsches-spionagemuseum.de\/en\/terms","url":"https:\/\/www.deutsches-spionagemuseum.de\/en\/terms","name":"Terms - Deutsches Spionagemuseum","isPartOf":{"@id":"https:\/\/www.deutsches-spionagemuseum.de\/en\/#website"},"datePublished":"2018-12-14T17:48:22+00:00","dateModified":"2018-12-14T17:48:45+00:00","breadcrumb":{"@id":"https:\/\/www.deutsches-spionagemuseum.de\/en\/terms#breadcrumb"},"inLanguage":"en-US","potentialAction":[{"@type":"ReadAction","target":["https:\/\/www.deutsches-spionagemuseum.de\/en\/terms"]}]},{"@type":"BreadcrumbList","@id":"https:\/\/www.deutsches-spionagemuseum.de\/en\/terms#breadcrumb","itemListElement":[{"@type":"ListItem","position":1,"name":"Home","item":"https:\/\/www.deutsches-spionagemuseum.de\/en"},{"@type":"ListItem","position":2,"name":"Terms"}]},{"@type":"WebSite","@id":"https:\/\/www.deutsches-spionagemuseum.de\/en\/#website","url":"https:\/\/www.deutsches-spionagemuseum.de\/en\/","name":"Deutsches Spionagemuseum","description":"das einzige Spionagemuseum in Deutschland","potentialAction":[{"@type":"SearchAction","target":{"@type":"EntryPoint","urlTemplate":"https:\/\/www.deutsches-spionagemuseum.de\/en\/?s={search_term_string}"},"query-input":{"@type":"PropertyValueSpecification","valueRequired":true,"valueName":"search_term_string"}}],"inLanguage":"en-US"}]}},"publishpress_future_workflow_manual_trigger":{"enabledWorkflows":[]},"_links":{"self":[{"href":"https:\/\/www.deutsches-spionagemuseum.de\/en\/wp-json\/wp\/v2\/pages\/5363","targetHints":{"allow":["GET"]}}],"collection":[{"href":"https:\/\/www.deutsches-spionagemuseum.de\/en\/wp-json\/wp\/v2\/pages"}],"about":[{"href":"https:\/\/www.deutsches-spionagemuseum.de\/en\/wp-json\/wp\/v2\/types\/page"}],"author":[{"embeddable":true,"href":"https:\/\/www.deutsches-spionagemuseum.de\/en\/wp-json\/wp\/v2\/users\/3"}],"replies":[{"embeddable":true,"href":"https:\/\/www.deutsches-spionagemuseum.de\/en\/wp-json\/wp\/v2\/comments?post=5363"}],"version-history":[{"count":2,"href":"https:\/\/www.deutsches-spionagemuseum.de\/en\/wp-json\/wp\/v2\/pages\/5363\/revisions"}],"predecessor-version":[{"id":5365,"href":"https:\/\/www.deutsches-spionagemuseum.de\/en\/wp-json\/wp\/v2\/pages\/5363\/revisions\/5365"}],"wp:attachment":[{"href":"https:\/\/www.deutsches-spionagemuseum.de\/en\/wp-json\/wp\/v2\/media?parent=5363"}],"curies":[{"name":"wp","href":"https:\/\/api.w.org\/{rel}","templated":true}]}}